{"id":85,"date":"2025-03-05T15:21:15","date_gmt":"2025-03-05T14:21:15","guid":{"rendered":"http:\/\/localhost\/becherovkavodka\/wordpress\/domov\/"},"modified":"2025-05-19T09:21:34","modified_gmt":"2025-05-19T07:21:34","slug":"domov","status":"publish","type":"page","link":"https:\/\/becherovkavodka.com\/sk\/","title":{"rendered":"Domov"},"content":{"rendered":"\t\t<div data-elementor-type=\"wp-page\" data-elementor-id=\"85\" class=\"elementor elementor-85\" data-elementor-post-type=\"page\">\n\t\t\t\t<div class=\"elementor-element elementor-element-57c99e25 hero e-con-full e-flex e-con e-parent\" data-id=\"57c99e25\" data-element_type=\"container\">\n\t\t\t\t<\/div>\n\t\t<div class=\"elementor-element elementor-element-23983011 e-con-full pad-b-l e-flex e-con e-child\" data-id=\"23983011\" data-element_type=\"container\">\n\t\t<div class=\"elementor-element elementor-element-7852369f pad-b-l e-flex e-con-boxed e-con e-child\" data-id=\"7852369f\" data-element_type=\"container\" id=\"ceny\">\n\t\t\t\t\t<div class=\"e-con-inner\">\n\t\t\t\t<div class=\"elementor-element elementor-element-56b5594a elementor-widget__width-inherit elementor-widget elementor-widget-heading\" data-id=\"56b5594a\" data-element_type=\"widget\" data-widget_type=\"heading.default\">\n\t\t\t\t\t<h2 class=\"elementor-heading-title elementor-size-default\">VODKA, NA KTOREJ SME NE\u0160ETRILI.<br>\n\n<span class=\"light-blue\">A\u017d NA REKLAMU.<\/span><\/h2>\t\t\t\t<\/div>\n\t\t\t\t\t<\/div>\n\t\t\t\t<\/div>\n\t\t\t\t<\/div>\n\t\t<div class=\"elementor-element elementor-element-a492745 pad-tb-xl e-flex e-con-boxed e-con e-parent\" data-id=\"a492745\" data-element_type=\"container\" data-settings=\"{&quot;background_background&quot;:&quot;gradient&quot;}\">\n\t\t\t\t\t<div class=\"e-con-inner\">\n\t\t<div class=\"elementor-element elementor-element-41dd40b e-con-full e-flex e-con e-child\" data-id=\"41dd40b\" data-element_type=\"container\">\n\t\t<div class=\"elementor-element elementor-element-b83c143 e-con-full e-flex e-con e-child\" data-id=\"b83c143\" data-element_type=\"container\">\n\t\t\t\t<div class=\"elementor-element elementor-element-d7f199a elementor-pagination-type-bullets elementor-arrows-position-inside elementor-pagination-position-outside elementor-widget elementor-widget-loop-carousel\" data-id=\"d7f199a\" data-element_type=\"widget\" data-settings=\"{&quot;template_id&quot;:250,&quot;_skin&quot;:&quot;post&quot;,&quot;slides_to_show&quot;:&quot;3&quot;,&quot;slides_to_show_tablet&quot;:&quot;2&quot;,&quot;slides_to_show_mobile&quot;:&quot;1&quot;,&quot;slides_to_scroll&quot;:&quot;1&quot;,&quot;edit_handle_selector&quot;:&quot;.elementor-loop-container&quot;,&quot;autoplay&quot;:&quot;yes&quot;,&quot;autoplay_speed&quot;:5000,&quot;pause_on_hover&quot;:&quot;yes&quot;,&quot;pause_on_interaction&quot;:&quot;yes&quot;,&quot;speed&quot;:500,&quot;arrows&quot;:&quot;yes&quot;,&quot;pagination&quot;:&quot;bullets&quot;,&quot;image_spacing_custom&quot;:{&quot;unit&quot;:&quot;px&quot;,&quot;size&quot;:10,&quot;sizes&quot;:[]},&quot;image_spacing_custom_tablet&quot;:{&quot;unit&quot;:&quot;px&quot;,&quot;size&quot;:&quot;&quot;,&quot;sizes&quot;:[]},&quot;image_spacing_custom_mobile&quot;:{&quot;unit&quot;:&quot;px&quot;,&quot;size&quot;:&quot;&quot;,&quot;sizes&quot;:[]}}\" data-widget_type=\"loop-carousel.post\">\n\t\t\t\t\t\t\t<div class=\"swiper elementor-loop-container elementor-grid\" role=\"list\" dir=\"ltr\">\n\t\t\t\t<div class=\"swiper-wrapper\" aria-live=\"off\">\n\t\t<style id=\"loop-250\">.elementor-250 .elementor-element.elementor-element-bfe9124{--display:flex;--flex-direction:column;--container-widget-width:calc( ( 1 - var( --container-widget-flex-grow ) ) * 100% );--container-widget-height:initial;--container-widget-flex-grow:0;--container-widget-align-self:initial;--flex-wrap-mobile:wrap;--justify-content:space-between;--align-items:center;}.elementor-250 .elementor-element.elementor-element-4e9e5e3{--display:flex;}.elementor-250 .elementor-element.elementor-element-7d22789:hover{--e-transform-scale:1.1;}.elementor-250 .elementor-element.elementor-element-7d22789 .jet-listing-dynamic-image{justify-content:flex-start;}.elementor-250 .elementor-element.elementor-element-7d22789 .jet-listing-dynamic-image__figure{align-items:flex-start;}.elementor-250 .elementor-element.elementor-element-7d22789 .jet-listing-dynamic-image a{display:flex;justify-content:flex-start;}.elementor-250 .elementor-element.elementor-element-7d22789 .jet-listing-dynamic-image__caption{text-align:left;}.elementor-widget-heading .elementor-heading-title{font-family:var( --e-global-typography-primary-font-family ), Sans-serif;font-size:var( --e-global-typography-primary-font-size );font-weight:var( --e-global-typography-primary-font-weight );line-height:var( --e-global-typography-primary-line-height );color:var( --e-global-color-primary );}.elementor-250 .elementor-element.elementor-element-b69ae9c{width:auto;max-width:auto;text-align:center;}.elementor-250 .elementor-element.elementor-element-b69ae9c .elementor-heading-title{font-family:var( --e-global-typography-a353e71-font-family ), Sans-serif;font-size:var( --e-global-typography-a353e71-font-size );font-weight:var( --e-global-typography-a353e71-font-weight );text-transform:var( --e-global-typography-a353e71-text-transform );line-height:var( --e-global-typography-a353e71-line-height );color:var( --e-global-color-2d95a24 );}.elementor-250 .elementor-element.elementor-element-86beef6{width:var( --container-widget-width, 80% );max-width:80%;--container-widget-width:80%;--container-widget-flex-grow:0;}.elementor-250 .elementor-element.elementor-element-86beef6.elementor-element{--align-self:center;}.elementor-250 .elementor-element.elementor-element-86beef6 .jet-listing-dynamic-field__content{color:var( --e-global-color-primary );font-family:var( --e-global-typography-text-font-family ), Sans-serif;font-size:var( --e-global-typography-text-font-size );font-weight:var( --e-global-typography-text-font-weight );line-height:var( --e-global-typography-text-line-height );text-align:center;}.elementor-250 .elementor-element.elementor-element-86beef6 .jet-listing-dynamic-field .jet-listing-dynamic-field__inline-wrap{width:auto;}.elementor-250 .elementor-element.elementor-element-86beef6 .jet-listing-dynamic-field .jet-listing-dynamic-field__content{width:auto;}@media(max-width:1024px){.elementor-widget-heading .elementor-heading-title{font-size:var( --e-global-typography-primary-font-size );line-height:var( --e-global-typography-primary-line-height );}.elementor-250 .elementor-element.elementor-element-b69ae9c .elementor-heading-title{font-size:var( --e-global-typography-a353e71-font-size );line-height:var( --e-global-typography-a353e71-line-height );}.elementor-250 .elementor-element.elementor-element-86beef6 .jet-listing-dynamic-field__content{font-size:var( --e-global-typography-text-font-size );line-height:var( --e-global-typography-text-line-height );}}@media(max-width:767px){.elementor-widget-heading .elementor-heading-title{font-size:var( --e-global-typography-primary-font-size );line-height:var( --e-global-typography-primary-line-height );}.elementor-250 .elementor-element.elementor-element-b69ae9c .elementor-heading-title{font-size:var( --e-global-typography-a353e71-font-size );line-height:var( --e-global-typography-a353e71-line-height );}.elementor-250 .elementor-element.elementor-element-86beef6 .jet-listing-dynamic-field__content{font-size:var( --e-global-typography-text-font-size );line-height:var( --e-global-typography-text-line-height );}}\/* Start custom CSS for heading, class: .elementor-element-b69ae9c *\/.big {\n    font-size: 160%;\n    position: relative;\n    top: 10px;\n}\/* End custom CSS *\/<\/style>\t\t<div data-elementor-type=\"loop-item\" data-elementor-id=\"250\" class=\"elementor elementor-250 swiper-slide e-loop-item e-loop-item-241 post-241 produkty type-produkty status-publish has-post-thumbnail hentry\" data-elementor-post-type=\"elementor_library\" role=\"group\" aria-roledescription=\"slide\" data-custom-edit-handle=\"1\">\n\t\t\t<div class=\"elementor-element elementor-element-bfe9124 e-con-full e-flex e-con e-child\" data-id=\"bfe9124\" data-element_type=\"container\">\n\t\t<div class=\"elementor-element elementor-element-4e9e5e3 e-flex e-con-boxed e-con e-child\" data-id=\"4e9e5e3\" data-element_type=\"container\">\n\t\t\t\t\t<div class=\"e-con-inner\">\n\t\t\t\t<div class=\"elementor-element elementor-element-7d22789 e-transform elementor-widget elementor-widget-jet-listing-dynamic-image\" data-id=\"7d22789\" data-element_type=\"widget\" data-settings=\"{&quot;_transform_scale_effect_hover&quot;:{&quot;unit&quot;:&quot;px&quot;,&quot;size&quot;:1.1,&quot;sizes&quot;:[]}}\" data-widget_type=\"jet-listing-dynamic-image.default\">\n\t\t\t\t\t<div class=\"jet-listing jet-listing-dynamic-image\" ><img fetchpriority=\"high\" decoding=\"async\" width=\"1810\" height=\"2560\" src=\"https:\/\/becherovkavodka.com\/wp-content\/uploads\/2025\/03\/Becherovka-Vodka-70CL.png\" class=\"jet-listing-dynamic-image__img attachment-full size-full wp-post-image\" alt=\"Becherovka Vodka 70CL\" srcset=\"https:\/\/becherovkavodka.com\/wp-content\/uploads\/2025\/03\/Becherovka-Vodka-70CL.png 1810w, https:\/\/becherovkavodka.com\/wp-content\/uploads\/2025\/03\/Becherovka-Vodka-70CL-212x300.png 212w, https:\/\/becherovkavodka.com\/wp-content\/uploads\/2025\/03\/Becherovka-Vodka-70CL-724x1024.png 724w, https:\/\/becherovkavodka.com\/wp-content\/uploads\/2025\/03\/Becherovka-Vodka-70CL-768x1086.png 768w, https:\/\/becherovkavodka.com\/wp-content\/uploads\/2025\/03\/Becherovka-Vodka-70CL-1086x1536.png 1086w, https:\/\/becherovkavodka.com\/wp-content\/uploads\/2025\/03\/Becherovka-Vodka-70CL-1448x2048.png 1448w\" sizes=\"(max-width: 1810px) 100vw, 1810px\" loading=\"eager\" \/><\/div>\t\t\t\t<\/div>\n\t\t\t\t<div class=\"elementor-element elementor-element-b69ae9c elementor-widget__width-auto elementor-widget elementor-widget-heading\" data-id=\"b69ae9c\" data-element_type=\"widget\" data-widget_type=\"heading.default\">\n\t\t\t\t\t<h2 class=\"elementor-heading-title elementor-size-default\">Becherovka<br>Vodka\u00a037,5%<\/h2>\t\t\t\t<\/div>\n\t\t\t\t<div class=\"elementor-element elementor-element-86beef6 elementor-widget__width-initial elementor-widget elementor-widget-jet-listing-dynamic-field\" data-id=\"86beef6\" data-element_type=\"widget\" data-widget_type=\"jet-listing-dynamic-field.default\">\n\t\t\t\t\t<div class=\"jet-listing jet-listing-dynamic-field display-multiline\"><div class=\"jet-listing-dynamic-field__content\" >\n<p>Pr\u00e9miov\u00e1 vodka vyroben\u00e1 z najkvalitnej\u0161ieho obilia a kri\u0161t\u00e1\u013eovo \u010distej vody. V\u010faka prec\u00edznemu sedemn\u00e1sobn\u00e9mu destila\u010dn\u00e9mu procesu sa vyzna\u010duje v\u00fdnimo\u010dnou jemnos\u0165ou a dokonale vyv\u00e1\u017eenou chu\u0165ou.\u200b<\/p>\n<\/div><\/div>\t\t\t\t<\/div>\n\t\t\t\t\t<\/div>\n\t\t\t\t<\/div>\n\t\t\t\t<div class=\"elementor-element elementor-element-4b3ada6 elementor-widget elementor-widget-shortcode\" data-id=\"4b3ada6\" data-element_type=\"widget\" data-widget_type=\"shortcode.default\">\n\t\t\t\t\t\t\t<div class=\"elementor-shortcode\"><button class=\"product-popup-trigger\" data-product-id=\"241\">Energetick\u00e9 hodnoty<\/button><\/div>\n\t\t\t\t\t\t<\/div>\n\t\t\t\t<\/div>\n\t\t\t\t<\/div>\n\t\t\t\t<div data-elementor-type=\"loop-item\" data-elementor-id=\"250\" class=\"elementor elementor-250 swiper-slide e-loop-item e-loop-item-242 post-242 produkty type-produkty status-publish has-post-thumbnail hentry\" data-elementor-post-type=\"elementor_library\" role=\"group\" aria-roledescription=\"slide\" data-custom-edit-handle=\"1\">\n\t\t\t<div class=\"elementor-element elementor-element-bfe9124 e-con-full e-flex e-con e-child\" data-id=\"bfe9124\" data-element_type=\"container\">\n\t\t<div class=\"elementor-element elementor-element-4e9e5e3 e-flex e-con-boxed e-con e-child\" data-id=\"4e9e5e3\" data-element_type=\"container\">\n\t\t\t\t\t<div class=\"e-con-inner\">\n\t\t\t\t<div class=\"elementor-element elementor-element-7d22789 e-transform elementor-widget elementor-widget-jet-listing-dynamic-image\" data-id=\"7d22789\" data-element_type=\"widget\" data-settings=\"{&quot;_transform_scale_effect_hover&quot;:{&quot;unit&quot;:&quot;px&quot;,&quot;size&quot;:1.1,&quot;sizes&quot;:[]}}\" data-widget_type=\"jet-listing-dynamic-image.default\">\n\t\t\t\t\t<div class=\"jet-listing jet-listing-dynamic-image\" ><img decoding=\"async\" width=\"1810\" height=\"2560\" src=\"https:\/\/becherovkavodka.com\/wp-content\/uploads\/2025\/03\/Becherovka-Cranberry-70CL.png\" class=\"jet-listing-dynamic-image__img attachment-full size-full wp-post-image\" alt=\"Becherovka Cranberry 70CL\" srcset=\"https:\/\/becherovkavodka.com\/wp-content\/uploads\/2025\/03\/Becherovka-Cranberry-70CL.png 1810w, https:\/\/becherovkavodka.com\/wp-content\/uploads\/2025\/03\/Becherovka-Cranberry-70CL-212x300.png 212w, https:\/\/becherovkavodka.com\/wp-content\/uploads\/2025\/03\/Becherovka-Cranberry-70CL-724x1024.png 724w, https:\/\/becherovkavodka.com\/wp-content\/uploads\/2025\/03\/Becherovka-Cranberry-70CL-768x1086.png 768w, https:\/\/becherovkavodka.com\/wp-content\/uploads\/2025\/03\/Becherovka-Cranberry-70CL-1086x1536.png 1086w, https:\/\/becherovkavodka.com\/wp-content\/uploads\/2025\/03\/Becherovka-Cranberry-70CL-1448x2048.png 1448w\" sizes=\"(max-width: 1810px) 100vw, 1810px\" loading=\"eager\" \/><\/div>\t\t\t\t<\/div>\n\t\t\t\t<div class=\"elementor-element elementor-element-b69ae9c elementor-widget__width-auto elementor-widget elementor-widget-heading\" data-id=\"b69ae9c\" data-element_type=\"widget\" data-widget_type=\"heading.default\">\n\t\t\t\t\t<h2 class=\"elementor-heading-title elementor-size-default\">Becherovka<br>Cranberry\u00a0Fusion\u00a030%<\/h2>\t\t\t\t<\/div>\n\t\t\t\t<div class=\"elementor-element elementor-element-86beef6 elementor-widget__width-initial elementor-widget elementor-widget-jet-listing-dynamic-field\" data-id=\"86beef6\" data-element_type=\"widget\" data-widget_type=\"jet-listing-dynamic-field.default\">\n\t\t\t\t\t<div class=\"jet-listing jet-listing-dynamic-field display-multiline\"><div class=\"jet-listing-dynamic-field__content\" >\n<p>Harmonick\u00e9 spojenie jemn\u00e9ho destil\u00e1tu a bohatej inf\u00fazie \u0161\u0165avnat\u00fdch brusn\u00edc. Vyv\u00e1\u017een\u00e1 a lahodn\u00e1 chu\u0165 si v\u00e1s z\u00edska ako shot, ale z\u00e1rove\u0148 dod\u00e1 jedine\u010dn\u00fd charakter ka\u017ed\u00e9mu kokteilu.\u200b<\/p>\n<\/div><\/div>\t\t\t\t<\/div>\n\t\t\t\t\t<\/div>\n\t\t\t\t<\/div>\n\t\t\t\t<div class=\"elementor-element elementor-element-4b3ada6 elementor-widget elementor-widget-shortcode\" data-id=\"4b3ada6\" data-element_type=\"widget\" data-widget_type=\"shortcode.default\">\n\t\t\t\t\t\t\t<div class=\"elementor-shortcode\"><button class=\"product-popup-trigger\" data-product-id=\"242\">Energetick\u00e9 hodnoty<\/button><\/div>\n\t\t\t\t\t\t<\/div>\n\t\t\t\t<\/div>\n\t\t\t\t<\/div>\n\t\t\t\t<div data-elementor-type=\"loop-item\" data-elementor-id=\"250\" class=\"elementor elementor-250 swiper-slide e-loop-item e-loop-item-243 post-243 produkty type-produkty status-publish has-post-thumbnail hentry\" data-elementor-post-type=\"elementor_library\" role=\"group\" aria-roledescription=\"slide\" data-custom-edit-handle=\"1\">\n\t\t\t<div class=\"elementor-element elementor-element-bfe9124 e-con-full e-flex e-con e-child\" data-id=\"bfe9124\" data-element_type=\"container\">\n\t\t<div class=\"elementor-element elementor-element-4e9e5e3 e-flex e-con-boxed e-con e-child\" data-id=\"4e9e5e3\" data-element_type=\"container\">\n\t\t\t\t\t<div class=\"e-con-inner\">\n\t\t\t\t<div class=\"elementor-element elementor-element-7d22789 e-transform elementor-widget elementor-widget-jet-listing-dynamic-image\" data-id=\"7d22789\" data-element_type=\"widget\" data-settings=\"{&quot;_transform_scale_effect_hover&quot;:{&quot;unit&quot;:&quot;px&quot;,&quot;size&quot;:1.1,&quot;sizes&quot;:[]}}\" data-widget_type=\"jet-listing-dynamic-image.default\">\n\t\t\t\t\t<div class=\"jet-listing jet-listing-dynamic-image\" ><img decoding=\"async\" width=\"1810\" height=\"2560\" src=\"https:\/\/becherovkavodka.com\/wp-content\/uploads\/2025\/03\/Becherovka-Grapefruit-70CL.png\" class=\"jet-listing-dynamic-image__img attachment-full size-full wp-post-image\" alt=\"Becherovka Grapefruit 70CL\" srcset=\"https:\/\/becherovkavodka.com\/wp-content\/uploads\/2025\/03\/Becherovka-Grapefruit-70CL.png 1810w, https:\/\/becherovkavodka.com\/wp-content\/uploads\/2025\/03\/Becherovka-Grapefruit-70CL-212x300.png 212w, https:\/\/becherovkavodka.com\/wp-content\/uploads\/2025\/03\/Becherovka-Grapefruit-70CL-724x1024.png 724w, https:\/\/becherovkavodka.com\/wp-content\/uploads\/2025\/03\/Becherovka-Grapefruit-70CL-768x1086.png 768w, https:\/\/becherovkavodka.com\/wp-content\/uploads\/2025\/03\/Becherovka-Grapefruit-70CL-1086x1536.png 1086w, https:\/\/becherovkavodka.com\/wp-content\/uploads\/2025\/03\/Becherovka-Grapefruit-70CL-1448x2048.png 1448w\" sizes=\"(max-width: 1810px) 100vw, 1810px\" loading=\"eager\" \/><\/div>\t\t\t\t<\/div>\n\t\t\t\t<div class=\"elementor-element elementor-element-b69ae9c elementor-widget__width-auto elementor-widget elementor-widget-heading\" data-id=\"b69ae9c\" data-element_type=\"widget\" data-widget_type=\"heading.default\">\n\t\t\t\t\t<h2 class=\"elementor-heading-title elementor-size-default\">Becherovka<br>Grapefruit\u00a0Fusion\u00a030%<\/h2>\t\t\t\t<\/div>\n\t\t\t\t<div class=\"elementor-element elementor-element-86beef6 elementor-widget__width-initial elementor-widget elementor-widget-jet-listing-dynamic-field\" data-id=\"86beef6\" data-element_type=\"widget\" data-widget_type=\"jet-listing-dynamic-field.default\">\n\t\t\t\t\t<div class=\"jet-listing jet-listing-dynamic-field display-multiline\"><div class=\"jet-listing-dynamic-field__content\" >\n<p>Jedine\u010dn\u00e1 f\u00fazia pr\u00e9miov\u00e9ho destil\u00e1tu s osvie\u017euj\u00facou inf\u00faziou \u0161\u0165avnat\u00e9ho grapefruitu. V\u010faka svojej lahodne vyv\u00e1\u017eenej chuti si ju vychutn\u00e1te ako shot alebo ako ide\u00e1lny z\u00e1klad pre origin\u00e1lne drinky.\u200b<\/p>\n<\/div><\/div>\t\t\t\t<\/div>\n\t\t\t\t\t<\/div>\n\t\t\t\t<\/div>\n\t\t\t\t<div class=\"elementor-element elementor-element-4b3ada6 elementor-widget elementor-widget-shortcode\" data-id=\"4b3ada6\" data-element_type=\"widget\" data-widget_type=\"shortcode.default\">\n\t\t\t\t\t\t\t<div class=\"elementor-shortcode\"><button class=\"product-popup-trigger\" data-product-id=\"243\">Energetick\u00e9 hodnoty<\/button><\/div>\n\t\t\t\t\t\t<\/div>\n\t\t\t\t<\/div>\n\t\t\t\t<\/div>\n\t\t\t\t<\/div>\n\t\t<\/div>\n\t\t\t\t\t<div class=\"elementor-swiper-button elementor-swiper-button-prev\" role=\"button\" tabindex=\"0\" aria-label=\"Predo\u0161l\u00e9\">\n\t\t\t\t<svg aria-hidden=\"true\" class=\"e-font-icon-svg e-eicon-chevron-left\" viewBox=\"0 0 1000 1000\" xmlns=\"http:\/\/www.w3.org\/2000\/svg\"><path d=\"M646 125C629 125 613 133 604 142L308 442C296 454 292 471 292 487 292 504 296 521 308 533L604 854C617 867 629 875 646 875 663 875 679 871 692 858 704 846 713 829 713 812 713 796 708 779 692 767L438 487 692 225C700 217 708 204 708 187 708 171 704 154 692 142 675 129 663 125 646 125Z\"><\/path><\/svg>\t\t\t<\/div>\n\t\t\t<div class=\"elementor-swiper-button elementor-swiper-button-next\" role=\"button\" tabindex=\"0\" aria-label=\"\u010eal\u0161ie\">\n\t\t\t\t<svg aria-hidden=\"true\" class=\"e-font-icon-svg e-eicon-chevron-right\" viewBox=\"0 0 1000 1000\" xmlns=\"http:\/\/www.w3.org\/2000\/svg\"><path d=\"M696 533C708 521 713 504 713 487 713 471 708 454 696 446L400 146C388 133 375 125 354 125 338 125 325 129 313 142 300 154 292 171 292 187 292 204 296 221 308 233L563 492 304 771C292 783 288 800 288 817 288 833 296 850 308 863 321 871 338 875 354 875 371 875 388 867 400 854L696 533Z\"><\/path><\/svg>\t\t\t<\/div>\n\t\t\t\t\t<div class=\"swiper-pagination\"><\/div>\n\t\t\t\t\t\t<\/div>\n\t\t\t\t<\/div>\n\t\t\t\t<\/div>\n\t\t\t\t\t<\/div>\n\t\t\t\t<\/div>\n\t\t\t\t<\/div>\n\t\t","protected":false},"excerpt":{"rendered":"<p>VODKA, NA KTOREJ SME NE\u0160ETRILI. A\u017d NA REKLAMU.<\/p>\n","protected":false},"author":2,"featured_media":0,"parent":0,"menu_order":0,"comment_status":"closed","ping_status":"closed","template":"elementor_header_footer","meta":{"_seopress_robots_primary_cat":"","_seopress_titles_title":"BECHEROVKA VODKA","_seopress_titles_desc":"Becherovka Vodka v troch pr\u00edchutiach: tradi\u010dn\u00e1, brusnicov\u00e1 a grapefruitov\u00e1. Pr\u00e9miov\u00e9 destil\u00e1ty s bohat\u00fdmi inf\u00faziami pre jedine\u010dn\u00fd z\u00e1\u017eitok.","_seopress_robots_index":"","footnotes":""},"class_list":["post-85","page","type-page","status-publish","hentry"],"_links":{"self":[{"href":"https:\/\/becherovkavodka.com\/sk\/wp-json\/wp\/v2\/pages\/85","targetHints":{"allow":["GET"]}}],"collection":[{"href":"https:\/\/becherovkavodka.com\/sk\/wp-json\/wp\/v2\/pages"}],"about":[{"href":"https:\/\/becherovkavodka.com\/sk\/wp-json\/wp\/v2\/types\/page"}],"author":[{"embeddable":true,"href":"https:\/\/becherovkavodka.com\/sk\/wp-json\/wp\/v2\/users\/2"}],"replies":[{"embeddable":true,"href":"https:\/\/becherovkavodka.com\/sk\/wp-json\/wp\/v2\/comments?post=85"}],"version-history":[{"count":146,"href":"https:\/\/becherovkavodka.com\/sk\/wp-json\/wp\/v2\/pages\/85\/revisions"}],"predecessor-version":[{"id":546,"href":"https:\/\/becherovkavodka.com\/sk\/wp-json\/wp\/v2\/pages\/85\/revisions\/546"}],"wp:attachment":[{"href":"https:\/\/becherovkavodka.com\/sk\/wp-json\/wp\/v2\/media?parent=85"}],"curies":[{"name":"wp","href":"https:\/\/api.w.org\/{rel}","templated":true}]}}